{"id":987645,"date":"2021-06-08T10:25:05","date_gmt":"2021-06-08T10:25:05","guid":{"rendered":"https:\/\/www.iarchiva.com\/atom\/?page_id=987645"},"modified":"2021-06-08T10:30:39","modified_gmt":"2021-06-08T10:30:39","slug":"distribuidores","status":"publish","type":"page","link":"https:\/\/www.iarchiva.com\/atom\/distribuidores\/","title":{"rendered":"DISTRIBUIDORES"},"content":{"rendered":"[vc_section full_width=\u00bbstretch_row\u00bb pix_over_visibility=\u00bb\u00bb pix_overlay_color=\u00bbgradient-primary\u00bb css=\u00bb.vc_custom_1619420192155{margin-top: -50px !important;background-image: url(https:\/\/www.iarchiva.com\/atom\/wp-content\/uploads\/2021\/02\/atom1.jpg?id=3394) !important;}\u00bb pix_overlay_opacity=\u00bb0.95&#8243;][vc_row full_width=\u00bbstretch_row\u00bb full_height=\u00bbyes\u00bb content_placement=\u00bbmiddle\u00bb bottom_divider_select=\u00bb8&#8243; b_has_animation=\u00bbtrue\u00bb b_1_color=\u00bb#f8f5ff\u00bb b_2_is_gradient=\u00bbtrue\u00bb b_2_color=\u00bbrgba(139,92,249,0.8)\u00bb b_2_color_2=\u00bbrgba(58,242,162,0.8)\u00bb b_2_animation=\u00bbfade-in-up\u00bb b_3_is_gradient=\u00bbtrue\u00bb b_3_color=\u00bbrgba(74,87,226,0.5)\u00bb b_3_color_2=\u00bbrgba(239,170,222,0.2)\u00bb b_3_animation=\u00bbfade-in-up\u00bb pix_particles_check=\u00bb\u00bb css=\u00bb.vc_custom_1621003040422{padding-top: 120px !important;padding-bottom: 40px !important;}\u00bb b_2_delay=\u00bb600&#8243; b_3_delay=\u00bb700&#8243; el_id=\u00bbdemo\u00bb el_class=\u00bbdemo\u00bb][vc_column width=\u00bb7\/12&#8243; css=\u00bb.vc_custom_1591151105707{padding-bottom: 40px !important;}\u00bb]<div class=\"mb-3 text-center  vc_custom_1623148204655\"><h1 class=\"mb-32 pix-sliding-headline font-weight-bold secondary-font\" data-class=\"secondary-font text-white\" data-style=\"\">\u00bfQUIERES SER DISTRIBUIDOR\r\nDE ATOM?<\/h1><\/div><div class=\"slide-in-container w-100 text-center  vc_custom_1623148238769\" ><div class=\"d-inline-block\" style=\"max-width:600px;\"><p class=\"text-24  text-white text-center font-weight-bold\" ><span class=\"animate-in d-inline-block\" data-anim-delay=\"500\" data-anim-type=\"fade-in-up\">RELLENA EL SIGUIENTE FORMULARIO Y CONTACTAREMOS CONTIGO, AHORA TENDR\u00c1S UN PRECIO PREFERENCIAL.<\/span><\/p><\/div><\/div>[\/vc_column][vc_column width=\u00bb5\/12&#8243; css=\u00bb.vc_custom_1590981445371{padding-top: 20px !important;padding-bottom: 20px !important;}\u00bb]<div class=\"pix-content-box card      vc_custom_1590979651552    rounded-xl shadow-lg shadow-hover-lg animate-in bg- w-100  \"  data-anim-type=\"fade-in-up\" data-anim-delay=\"0\"><div class=\"\" style=\"z-index:30;position:relative;\"><div class=\"text-center \"><div><h5 class=\"pix-headline my-3  slide-inverse text-gradient-primary font-weight-bold  secondary-font animate-in\" style=\"\" data-anim-type=\"fade-in-up\" data-anim-delay=\"0\" ><span><\/span>\n      \t\t\t<span class=\"pix-words-wrapper\"><span class=\"is-visible \" >SOLICITAR M\u00c1S INFORMACI\u00d3N<\/span> \n      \t\t\t<\/span><span><\/span>\n      \t\t<\/h5><\/div><\/div>[vc_column_text]\r\n<p style=\"text-align: center;\"><div id=\"quform-fff9fa\" class=\"quform quform-2 quform-theme-underlined quform-support-page-caching\"><form id=\"quform-form-fff9fa\" class=\"quform-form quform-form-2\" action=\"\/atom\/wp-json\/wp\/v2\/pages\/987645#quform-fff9fa\" method=\"post\" enctype=\"multipart\/form-data\" novalidate=\"novalidate\" data-options=\"{&quot;id&quot;:2,&quot;uniqueId&quot;:&quot;fff9fa&quot;,&quot;theme&quot;:&quot;underlined&quot;,&quot;ajax&quot;:true,&quot;logic&quot;:{&quot;logic&quot;:[],&quot;dependents&quot;:[],&quot;elementIds&quot;:[],&quot;dependentElementIds&quot;:[],&quot;animate&quot;:true},&quot;currentPageId&quot;:1,&quot;errorsIcon&quot;:&quot;&quot;,&quot;updateFancybox&quot;:true,&quot;hasPages&quot;:false,&quot;pages&quot;:[1],&quot;pageProgressType&quot;:&quot;numbers&quot;,&quot;tooltipsEnabled&quot;:true,&quot;tooltipClasses&quot;:&quot;qtip-quform-dark qtip-shadow&quot;,&quot;tooltipMy&quot;:&quot;left center&quot;,&quot;tooltipAt&quot;:&quot;right center&quot;,&quot;isRtl&quot;:false,&quot;scrollOffset&quot;:-50,&quot;scrollSpeed&quot;:800}\"><button class=\"quform-default-submit\" name=\"quform_submit\" type=\"submit\" value=\"submit\" aria-hidden=\"true\"><\/button><div class=\"quform-form-inner quform-form-inner-2\"><input type=\"hidden\" name=\"quform_form_id\" value=\"2\" \/><input type=\"hidden\" name=\"quform_form_uid\" value=\"fff9fa\" \/><input type=\"hidden\" name=\"quform_count\" value=\"1\" \/><input type=\"hidden\" name=\"form_url\" value=\"https:\/\/www.iarchiva.com\/atom\/wp-json\/wp\/v2\/pages\/987645\" \/><input type=\"hidden\" name=\"referring_url\" value=\"\" \/><input type=\"hidden\" name=\"post_id\" value=\"\" \/><input type=\"hidden\" name=\"post_title\" value=\"\" \/><input type=\"hidden\" name=\"quform_current_page_id\" value=\"1\" \/><input type=\"hidden\" name=\"quform_csrf_token\" value=\"pZQdO1ydauuDEQ8Yj4kzYnRbx9M9kS8Um8iCFUTY\" \/><div class=\"quform-elements quform-elements-2 quform-cf quform-responsive-elements-phone-landscape\"><div class=\"quform-element quform-element-page quform-page-1 quform-page-2_1 quform-cf quform-group-style-plain quform-first-page quform-last-page quform-current-page\"><div class=\"quform-child-elements\"><div class=\"quform-element quform-element-row quform-element-row-2_3 quform-2-columns quform-element-row-size-fixed quform-responsive-columns-phone-landscape\"><div class=\"quform-element quform-element-column quform-element-2_4\"><div class=\"quform-element quform-element-text quform-element-2_6 quform-cf quform-element-required\"><div class=\"quform-spacer\"><div class=\"quform-label quform-label-2_6\"><label class=\"quform-label-text\" for=\"quform_2_6_fff9fa\">Nombre completo<span class=\"quform-required\">*<\/span><\/label><\/div><div class=\"quform-inner quform-inner-text quform-inner-2_6\"><div class=\"quform-input quform-input-text quform-input-2_6 quform-cf\"><input type=\"text\" id=\"quform_2_6_fff9fa\" name=\"quform_2_6\" class=\"quform-field quform-field-text quform-field-2_6\" \/><\/div><\/div><\/div><\/div><\/div><div class=\"quform-element quform-element-column quform-element-2_5\"><div class=\"quform-element quform-element-email quform-element-2_7 quform-cf quform-element-required\"><div class=\"quform-spacer\"><div class=\"quform-label quform-label-2_7\"><label class=\"quform-label-text\" for=\"quform_2_7_fff9fa\">Su Email<span class=\"quform-required\">*<\/span><\/label><\/div><div class=\"quform-inner quform-inner-email quform-inner-2_7\"><div class=\"quform-input quform-input-email quform-input-2_7 quform-cf\"><input type=\"email\" id=\"quform_2_7_fff9fa\" name=\"quform_2_7\" class=\"quform-field quform-field-email quform-field-2_7\" \/><\/div><\/div><\/div><\/div><\/div><\/div><div class=\"quform-element quform-element-text quform-element-2_8 quform-cf quform-element-optional\"><div class=\"quform-spacer\"><div class=\"quform-label quform-label-2_8\"><label class=\"quform-label-text\" for=\"quform_2_8_fff9fa\">Su tel\u00e9fono<\/label><\/div><div class=\"quform-inner quform-inner-text quform-inner-2_8\"><div class=\"quform-input quform-input-text quform-input-2_8 quform-cf\"><input type=\"text\" id=\"quform_2_8_fff9fa\" name=\"quform_2_8\" class=\"quform-field quform-field-text quform-field-2_8\" \/><\/div><\/div><\/div><\/div><div class=\"quform-element quform-element-submit quform-element-2_2 quform-cf quform-button-style-theme quform-button-size-huge quform-button-width-full\"><div class=\"quform-button-submit quform-button-submit-default quform-button-submit-2_2\"><button name=\"quform_submit\" type=\"submit\" class=\"quform-submit\" value=\"submit\"><span class=\"quform-button-text quform-button-submit-text\">ENVIAR MENSAJE<\/span><\/button><\/div><div class=\"quform-loading quform-loading-position-left quform-loading-type-spinner-1\"><div class=\"quform-loading-inner\"><div class=\"quform-loading-spinner\"><div class=\"quform-loading-spinner-inner\"><\/div><\/div><\/div><\/div><\/div><div class=\"quform-element-tree\"><label for=\"quform_2_0_fff9fa\">This field should be left blank<\/label><input type=\"text\" id=\"quform_2_0_fff9fa\" name=\"quform_2_0\" class=\"quform-field quform-field-tree quform-field-2_0\" tabindex=\"-1\" autocomplete=\"off\" \/><\/div><\/div><\/div><\/div><\/div><\/form><\/div>\r\n[\/vc_column_text]<\/div><\/div>[\/vc_column][\/vc_row][\/vc_section][vc_section full_width=\u00bbstretch_row\u00bb pix_over_visibility=\u00bb\u00bb css=\u00bb.vc_custom_1620895768363{padding-top: 0px !important;padding-bottom: 0px !important;background-color: #ffffff !important;}\u00bb el_id=\u00bbpix_section_pricing\u00bb][vc_row full_width=\u00bbstretch_row\u00bb content_placement=\u00bbmiddle\u00bb pix_particles_check=\u00bb1&#8243; pix_particles=\u00bb%5B%7B%22image%22%3A%22https:\/\/essentials.pixfort.com\/app\/wp-content\/uploads\/sites\/28\/2020\/06\/shape-1.png%22%2C%22h_position%22%3A%22left%22%2C%22horizontal%22%3A%22-17%25%22%2C%22v_position%22%3A%22top%22%2C%22vertical%22%3A%22-100px%22%2C%22depth%22%3A%220.2%22%2C%22xaxis%22%3A%22100%22%2C%22yaxis%22%3A%220%22%2C%22rotation_speed%22%3A%22300%22%2C%22img_width%22%3A%22600px%22%2C%22pix_infinite_animation%22%3A%22pix-bounce-sm%22%2C%22pix_infinite_speed%22%3A%22pix-duration-md%22%2C%22hide%22%3A%22true%22%7D%2C%7B%22image%22%3A%22https:\/\/essentials.pixfort.com\/app\/wp-content\/uploads\/sites\/28\/2020\/06\/shape-3.png%22%2C%22h_position%22%3A%22right%22%2C%22horizontal%22%3A%22-17%25%22%2C%22v_position%22%3A%22bottom%22%2C%22vertical%22%3A%22-100px%22%2C%22depth%22%3A%220.2%22%2C%22xaxis%22%3A%22100%22%2C%22yaxis%22%3A%220%22%2C%22rotation_speed%22%3A%22300%22%2C%22img_width%22%3A%22600px%22%2C%22pix_infinite_animation%22%3A%22pix-bounce-sm%22%2C%22pix_infinite_speed%22%3A%22pix-duration-md%22%2C%22hide%22%3A%22true%22%7D%5D\u00bb][vc_column offset=\u00bbvc_col-md-offset-2 vc_col-md-8&#8243;]<div class=\"text-center \"><div><h2 class=\"pix-headline my-3  slide-inverse text-heading-default font-weight-bold  \" style=\"\"><span>TE PRESENTAMOS ATOM, EL GESTOR DOCUMENTAL ESPECIALIZADO EN DAR SOLUCIONES A LAS PYMES.<\/span>\n      \t\t\t<span class=\"pix-words-wrapper\"><span class=\"is-visible \" ><\/span> \n      \t\t\t<\/span><span><\/span>\n      \t\t<\/h2><\/div><\/div>[\/vc_column][\/vc_row][\/vc_section][vc_row pix_particles_check=\u00bb\u00bb][vc_column width=\u00bb1\/3&#8243;]<div class=\"card w-100 pix_pricing   text-center animate-in  vc_custom_1622734338498\" data-anim-type=\"fade-in-up\" data-anim-delay=\"0\"><div class=\" bg-white shadow shadow-hover-lg scale-sm rounded-lg pix-p-20 rounded-lg2 pix-mb-20  bg-white\" ><h2 class=\"pt-3 font-weight-bold text-black\" ><span class=\"currency\"><\/span><span>POTENTE<\/span><sub class=\"text-small\"><\/sub><\/h2><\/div><div class=\"pix-px-20\"><div id=\"duo-icon-69805025\" class=\"slide-in-container w-100  \" ><div class=\"py-2 animate-in\" data-anim-type=\"fade-in-up\" data-anim-delay=\"0\"><div class=\"pix-feature-list text-18 justify-content-center font-weight-bold     py-2 d-flex align-items-center\" ><\/div><\/div><\/div><\/div><\/div>\n[\/vc_column][vc_column width=\u00bb1\/3&#8243;]<div class=\"card w-100 pix_pricing   text-center animate-in  vc_custom_1621585125487\" data-anim-type=\"fade-in-up\" data-anim-delay=\"0\"><div class=\" bg-primary shadow shadow-hover-lg scale-sm rounded-lg pix-p-20 rounded-lg2 pix-mb-20  bg-primary\" ><h2 class=\"pt-3 font-weight-bold text-white\" ><span class=\"currency\"><\/span><span>VERS\u00c1TIL<\/span><sub class=\"text-small\"><\/sub><\/h2><\/div><div class=\"pix-px-20\"><div id=\"duo-icon-150443933\" class=\"slide-in-container w-100  \" ><div class=\"py-2 animate-in\" data-anim-type=\"fade-in-up\" data-anim-delay=\"0\"><div class=\"pix-feature-list text-18 justify-content-center font-weight-bold     py-2 d-flex align-items-center\" ><\/div><\/div><\/div><\/div><\/div>\n[\/vc_column][vc_column width=\u00bb1\/3&#8243;]<div class=\"card w-100 pix_pricing   text-center animate-in  vc_custom_1621002705169\" data-anim-type=\"fade-in-up\" data-anim-delay=\"0\"><div class=\" bg-secondary shadow shadow-hover-lg scale-sm rounded-lg pix-p-20 rounded-lg2 pix-mb-20  bg-secondary\" ><h2 class=\"pt-3 font-weight-bold text-white\" ><span class=\"currency\"><\/span><span>ESCALABLE<\/span><sub class=\"text-small\"><\/sub><\/h2><\/div><div class=\"pix-px-20\"><div id=\"duo-icon-131933131\" class=\"slide-in-container w-100  \" ><div class=\"py-2 animate-in\" data-anim-type=\"fade-in-up\" data-anim-delay=\"0\"><\/div><\/div><\/div><\/div>\n[\/vc_column][\/vc_row][vc_section pix_over_visibility=\u00bb\u00bb css=\u00bb.vc_custom_1621002782771{padding-top: 0px !important;padding-bottom: 40px !important;}\u00bb][vc_row content_placement=\u00bbmiddle\u00bb pix_particles_check=\u00bb\u00bb css=\u00bb.vc_custom_1621002804447{padding-top: 0px !important;padding-bottom: 60px !important;}\u00bb][vc_column width=\u00bb1\/2&#8243; css=\u00bb.vc_custom_1621002954527{padding-top: 20px !important;padding-bottom: 20px !important;}\u00bb]<div class=\"mb-3 text-left  vc_custom_1621002839617\"><h2 class=\"mb-32 pix-sliding-headline font-weight-bold secondary-font\" data-class=\"secondary-font text-dark-opacity-8\" data-style=\"\">Un gestor documental departamental<\/h2><\/div><div class=\"slide-in-container w-100   vc_custom_1621266080025\" ><p class=\"text-20  text-black  \" ><span class=\"animate-in d-inline-block\" data-anim-delay=\"1200\" data-anim-type=\"fade-in-up\">Un software a medida y totalmente departamental. Una soluci\u00f3n para la gesti\u00f3n eficaz de Proveedores, Clientes, Flujos de trabajo, Contabilidad y mucho m\u00e1s.\r\n\r\nDe forma muy sencilla y semiautom\u00e1tica ATOM recoge el documento y a trav\u00e9s del flujo de trabajo lo gestiona totalmente.\r\nAtom, el gestor documental para tu Pyme, desarrollado para actuar de forma autom\u00e1tica, proporcionando gran velocidad de proceso en los departamentos que m\u00e1s flujos de trabajo requieren.<\/span><\/p><\/div><div class=\"d-block w-100 text-right\"><a  href=\"#demo\" class=\"btn mb-2     shadow-sm btn-primary d-inline-block pix-hover-item       animate-in pix-btn-div btn-xl\"   data-anim-type=\"fade-in-left\" data-anim-delay=\"1000\" ><span class=\"font-weight-bold \" >SOLICITAR DEMO<\/span> <i class=\"font-weight-bold pixicon-email-check  pix-hover-right  ml-1\"><\/i><\/a><\/div>[\/vc_column][vc_column width=\u00bb1\/2&#8243; pix_particles_check=\u00bb1&#8243; pix_particles=\u00bb%5B%7B%22image%22%3A%22https%3A%2F%2Fessentials.pixfort.com%2Fstartup%2Fwp-content%2Fuploads%2Fsites%2F5%2F2019%2F05%2Fintro-blob.png%22%2C%22h_position%22%3A%22left%22%2C%22horizontal%22%3A%227%25%22%2C%22v_position%22%3A%22top%22%2C%22vertical%22%3A%22-80px%22%2C%22depth%22%3A%220.2%22%2C%22xaxis%22%3A%2210%22%2C%22yaxis%22%3A%220%22%2C%22rotation_speed%22%3A%22300%22%2C%22pix_inverse_rotation%22%3A%22scroll_inverse%22%2C%22img_width%22%3A%2286%25%22%2C%22animation%22%3A%22fade-in-up%22%2C%22delay%22%3A%22600%22%2C%22pix_infinite_animation%22%3A%22pix-rotating%22%2C%22pix_infinite_speed%22%3A%22pix-duration-fast%22%7D%5D\u00bb]<div class=\"d-inline-block \" ><div class=\"animate-in  d-inline-block\" data-anim-type=\"fade-in-up\" data-anim-delay=\"200\"><div class=\"   text-center d-inline-block  w-100 rounded-0\"  ><img decoding=\"async\" class=\"card-img2 pix-img-elem rounded-0  h-1002\" style=\"height:auto;\"   src=\"https:\/\/essentials.pixfort.com\/startup\/wp-content\/uploads\/sites\/5\/2020\/05\/intro-image.png\" alt=\"\" \/><\/div><\/div><\/div>[\/vc_column][\/vc_row][\/vc_section]","protected":false},"excerpt":{"rendered":"[vc_section full_width=\u00bbstretch_row\u00bb pix_over_visibility=\u00bb\u00bb pix_overlay_color=\u00bbgradient-primary\u00bb css=\u00bb.vc_custom_1619420192155{margin-top: -50px !important;background-image: url(https:\/\/www.iarchiva.com\/atom\/wp-content\/uploads\/2021\/02\/atom1.jpg?id=3394) !important;}\u00bb pix_overlay_opacity=\u00bb0.95&#8243;][vc_row full_width=\u00bbstretch_row\u00bb full_height=\u00bbyes\u00bb content_placement=\u00bbmiddle\u00bb bottom_divider_select=\u00bb8&#8243; b_has_animation=\u00bbtrue\u00bb b_1_color=\u00bb#f8f5ff\u00bb b_2_is_gradient=\u00bbtrue\u00bb b_2_color=\u00bbrgba(139,92,249,0.8)\u00bb b_2_color_2=\u00bbrgba(58,242,162,0.8)\u00bb b_2_animation=\u00bbfade-in-up\u00bb b_3_is_gradient=\u00bbtrue\u00bb b_3_color=\u00bbrgba(74,87,226,0.5)\u00bb b_3_color_2=\u00bbrgba(239,170,222,0.2)\u00bb b_3_animation=\u00bbfade-in-up\u00bb pix_particles_check=\u00bb\u00bb css=\u00bb.vc_custom_1621003040422{padding-top: 120px !important;padding-bottom: 40px !important;}\u00bb b_2_delay=\u00bb600&#8243; b_3_delay=\u00bb700&#8243; el_id=\u00bbdemo\u00bb el_class=\u00bbdemo\u00bb][vc_column width=\u00bb7\/12&#8243; css=\u00bb.vc_custom_1591151105707{padding-bottom: 40px !important;}\u00bb][\/vc_column][vc_column width=\u00bb5\/12&#8243; css=\u00bb.vc_custom_1590981445371{padding-top:&#8230;","protected":false},"author":1,"featured_media":0,"parent":0,"menu_order":0,"comment_status":"closed","ping_status":"closed","template":"","meta":{"footnotes":""},"class_list":["post-987645","page","type-page","status-publish","hentry"],"_links":{"self":[{"href":"https:\/\/www.iarchiva.com\/atom\/wp-json\/wp\/v2\/pages\/987645","targetHints":{"allow":["GET"]}}],"collection":[{"href":"https:\/\/www.iarchiva.com\/atom\/wp-json\/wp\/v2\/pages"}],"about":[{"href":"https:\/\/www.iarchiva.com\/atom\/wp-json\/wp\/v2\/types\/page"}],"author":[{"embeddable":true,"href":"https:\/\/www.iarchiva.com\/atom\/wp-json\/wp\/v2\/users\/1"}],"replies":[{"embeddable":true,"href":"https:\/\/www.iarchiva.com\/atom\/wp-json\/wp\/v2\/comments?post=987645"}],"version-history":[{"count":6,"href":"https:\/\/www.iarchiva.com\/atom\/wp-json\/wp\/v2\/pages\/987645\/revisions"}],"predecessor-version":[{"id":987651,"href":"https:\/\/www.iarchiva.com\/atom\/wp-json\/wp\/v2\/pages\/987645\/revisions\/987651"}],"wp:attachment":[{"href":"https:\/\/www.iarchiva.com\/atom\/wp-json\/wp\/v2\/media?parent=987645"}],"curies":[{"name":"wp","href":"https:\/\/api.w.org\/{rel}","templated":true}]}}